{"id":67,"date":"2015-04-04T15:06:37","date_gmt":"2015-04-04T15:06:37","guid":{"rendered":"http:\/\/www.saludtalavera.es\/?page_id=67"},"modified":"2015-04-08T22:00:19","modified_gmt":"2015-04-08T20:00:19","slug":"sede-canonica","status":"publish","type":"page","link":"https:\/\/www.saludtalavera.es\/?page_id=67","title":{"rendered":"Sede Can\u00f3nica"},"content":{"rendered":"<p><strong>Colegiata de Santa Mar\u00eda (Talavera de la Reina)<\/strong><\/p>\n<p>La antigua colegiata de Santa Mar\u00eda llamada \u00abLa Mayor\u00bb es una parroquia (que fue colegiata hasta 1851) de culto cat\u00f3lico en Talavera de la Reina, (Espa\u00f1a). Se construy\u00f3 entre los siglos XIV y XV en estilo g\u00f3tico-mud\u00e9jar. Est\u00e1 declarada Bien de Inter\u00e9s Cultural.<\/p>\n<p><strong>Origen<\/strong><\/p>\n<p>Su origen parece remontarse a la \u00e9poca romana, como templo situado en el foro de la ciudad de Caesarobriga, posiblemende dedicado a J\u00fapiter. En la \u00e9poca visigoda pudo estar en ella la sede del obispado Aquense-Eborense. Las primeras noticias de la existencia del edificio actual datan de 1211.<br \/>\nEstilos y caracter\u00edsticas<\/p>\n<p>El estilo arquitect\u00f3nico del templo es g\u00f3tico-mud\u00e9jar. La planta es rectangular, con tres naves longitudinales rematadas por \u00e1bsides poligonales y sin crucero. Las tres naves est\u00e1n cubiertas por b\u00f3vedas de crucer\u00eda, con terceletes en la nave central.<\/p>\n<p>El retablo mayor es neocl\u00e1sico\u00a0 y est\u00e1 presidido por un lienzo de la Asunci\u00f3n de Mar\u00eda de Mariano Salvador Maella. Las capillas laterales atesoran valiosas obras de arte. Entre ellas destaca, en la capilla de Santa Leocadia, el lienzo de la Aparici\u00f3n de Santa Leocadia a San Ildefonso y el rey Recaredo, fechado en 1592, y que es una de las escasas obras conservadas del pintor toledano Blas de Prado. La capilla de los Santos M\u00e1rtires alberga dos monumentos funerarios g\u00f3ticos del siglo XV. La de Santa Ana o de los Reyes, la de Santa Mar\u00eda del P\u00f3pulo y la del Cristo de los Espejos son otras capillas a destacar. La iglesia alberga adem\u00e1s importantes muestras de cer\u00e1mica de Talavera. Algunos de los lienzos datan del siglo XVI, como el del retablo de los Santos M\u00e1rtires. El retablo del Cristo del Mar es obra del ceramista Ruiz de Luna.<\/p>\n<p>El claustro se construy\u00f3 en el siglo XV en estilo g\u00f3tico. En \u00e9l se encuentra enterrado Fernando de Rojas, autor de La Celestina. La sacrist\u00eda se construy\u00f3 en el XVI, y est\u00e1 presidida por una imagen de la Virgen del siglo XV, probablemente la que presid\u00eda el antiguo retablo mayor. Los cuerpos superiores de la torre se construyeron a principios del siglo XVIII en estilo barroco.<\/p>\n<p><a href=\"http:\/\/www.saludtalavera.es\/wp-content\/uploads\/2015\/04\/foto-sede.jpg\"><img loading=\"lazy\" decoding=\"async\" class=\"aligncenter size-medium wp-image-91\" src=\"http:\/\/www.saludtalavera.es\/wp-content\/uploads\/2015\/04\/foto-sede-300x128.jpg\" alt=\"foto sede\" width=\"300\" height=\"128\" srcset=\"https:\/\/www.saludtalavera.es\/wp-content\/uploads\/2015\/04\/foto-sede-300x128.jpg 300w, https:\/\/www.saludtalavera.es\/wp-content\/uploads\/2015\/04\/foto-sede-1024x438.jpg 1024w, https:\/\/www.saludtalavera.es\/wp-content\/uploads\/2015\/04\/foto-sede-250x107.jpg 250w, https:\/\/www.saludtalavera.es\/wp-content\/uploads\/2015\/04\/foto-sede-150x64.jpg 150w, https:\/\/www.saludtalavera.es\/wp-content\/uploads\/2015\/04\/foto-sede.jpg 1336w\" sizes=\"(max-width: 300px) 100vw, 300px\" \/><\/a><\/p>\n","protected":false},"excerpt":{"rendered":"<p>Colegiata de Santa Mar\u00eda (Talavera de la Reina) La antigua colegiata de Santa Mar\u00eda llamada \u00abLa Mayor\u00bb es una parroquia (que fue colegiata hasta 1851) de culto cat\u00f3lico en Talavera de la Reina, (Espa\u00f1a). Se construy\u00f3 entre los siglos XIV y XV en estilo g\u00f3tico-mud\u00e9jar. Est\u00e1 declarada Bien de Inter\u00e9s Cultural. Origen Su origen parece &hellip; <\/p>\n<p class=\"link-more\"><a href=\"https:\/\/www.saludtalavera.es\/?page_id=67\" class=\"more-link\">Continuar leyendo<span class=\"screen-reader-text\"> \u00abSede Can\u00f3nica\u00bb<\/span><\/a><\/p>\n","protected":false},"author":1,"featured_media":91,"parent":0,"menu_order":0,"comment_status":"open","ping_status":"open","template":"","meta":{"footnotes":""},"class_list":["post-67","page","type-page","status-publish","has-post-thumbnail","hentry"],"_links":{"self":[{"href":"https:\/\/www.saludtalavera.es\/index.php?rest_route=\/wp\/v2\/pages\/67"}],"collection":[{"href":"https:\/\/www.saludtalavera.es\/index.php?rest_route=\/wp\/v2\/pages"}],"about":[{"href":"https:\/\/www.saludtalavera.es\/index.php?rest_route=\/wp\/v2\/types\/page"}],"author":[{"embeddable":true,"href":"https:\/\/www.saludtalavera.es\/index.php?rest_route=\/wp\/v2\/users\/1"}],"replies":[{"embeddable":true,"href":"https:\/\/www.saludtalavera.es\/index.php?rest_route=%2Fwp%2Fv2%2Fcomments&post=67"}],"version-history":[{"count":6,"href":"https:\/\/www.saludtalavera.es\/index.php?rest_route=\/wp\/v2\/pages\/67\/revisions"}],"predecessor-version":[{"id":185,"href":"https:\/\/www.saludtalavera.es\/index.php?rest_route=\/wp\/v2\/pages\/67\/revisions\/185"}],"wp:featuredmedia":[{"embeddable":true,"href":"https:\/\/www.saludtalavera.es\/index.php?rest_route=\/wp\/v2\/media\/91"}],"wp:attachment":[{"href":"https:\/\/www.saludtalavera.es\/index.php?rest_route=%2Fwp%2Fv2%2Fmedia&parent=67"}],"curies":[{"name":"wp","href":"https:\/\/api.w.org\/{rel}","templated":true}]}}