{"id":46,"date":"2015-04-04T14:47:43","date_gmt":"2015-04-04T14:47:43","guid":{"rendered":"http:\/\/www.saludtalavera.es\/?page_id=46"},"modified":"2015-04-08T22:13:05","modified_gmt":"2015-04-08T20:13:05","slug":"caridad","status":"publish","type":"page","link":"https:\/\/www.saludtalavera.es\/?page_id=46","title":{"rendered":"Caridad"},"content":{"rendered":"<p>A lo largo de todo el a\u00f1o, la Cofrad\u00eda realiza diversas actividad de voluntariado y caridad. La hermandad colabora con la\u00a0 Asociaci\u00f3n Espa\u00f1ola Contra el C\u00e1ncer acudiendo a diario al Hospital General Nuestra Se\u00f1ora del Prado\u00a0 para acompa\u00f1ar a los enfermos en el Hospital de d\u00eda.<\/p>\n<p>Tambi\u00e9n tiene un grupo de voluntarios en la fundaci\u00f3n ALCER(pacientes con enfermedad renal cr\u00f3nica avanzada residentes en Castilla La Mancha) realizando tareas de acompa\u00f1amiento, con las que mejora la calidad de vida de los pacientes y se fomenta su sociabilidad.<\/p>\n<p>Durante todo el a\u00f1o colaboramos tanto en el torneo de f\u00fatbol, como en todas aquellas campa\u00f1as de recogidas de alimentos que realiza C\u00e1ritas.<\/p>\n<p>Cada 24 de Diciembre un grupo de voluntarios de la cofrad\u00eda recorren las calles de Talavera ofreciendo caf\u00e9 y pastas a todas aquellas personas que est\u00e1n pidiendo. El 25 de Diciembre, junto con la directiva de la Banda de Cornetas y Tambores Nuestro Padre Jes\u00fas de la Salud, nuestra junta directiva realiza una visita a la planta de pediatr\u00eda del Hospital para que Pap\u00e1 Noel reparta juguetes a los ni\u00f1os que se encuentran ingresados.<\/p>\n","protected":false},"excerpt":{"rendered":"<p>A lo largo de todo el a\u00f1o, la Cofrad\u00eda realiza diversas actividad de voluntariado y caridad. La hermandad colabora con la\u00a0 Asociaci\u00f3n Espa\u00f1ola Contra el C\u00e1ncer acudiendo a diario al Hospital General Nuestra Se\u00f1ora del Prado\u00a0 para acompa\u00f1ar a los enfermos en el Hospital de d\u00eda. Tambi\u00e9n tiene un grupo de voluntarios en la fundaci\u00f3n &hellip; <\/p>\n<p class=\"link-more\"><a href=\"https:\/\/www.saludtalavera.es\/?page_id=46\" class=\"more-link\">Continuar leyendo<span class=\"screen-reader-text\"> \u00abCaridad\u00bb<\/span><\/a><\/p>\n","protected":false},"author":1,"featured_media":0,"parent":0,"menu_order":0,"comment_status":"open","ping_status":"open","template":"","meta":{"footnotes":""},"class_list":["post-46","page","type-page","status-publish","hentry"],"_links":{"self":[{"href":"https:\/\/www.saludtalavera.es\/index.php?rest_route=\/wp\/v2\/pages\/46"}],"collection":[{"href":"https:\/\/www.saludtalavera.es\/index.php?rest_route=\/wp\/v2\/pages"}],"about":[{"href":"https:\/\/www.saludtalavera.es\/index.php?rest_route=\/wp\/v2\/types\/page"}],"author":[{"embeddable":true,"href":"https:\/\/www.saludtalavera.es\/index.php?rest_route=\/wp\/v2\/users\/1"}],"replies":[{"embeddable":true,"href":"https:\/\/www.saludtalavera.es\/index.php?rest_route=%2Fwp%2Fv2%2Fcomments&post=46"}],"version-history":[{"count":8,"href":"https:\/\/www.saludtalavera.es\/index.php?rest_route=\/wp\/v2\/pages\/46\/revisions"}],"predecessor-version":[{"id":187,"href":"https:\/\/www.saludtalavera.es\/index.php?rest_route=\/wp\/v2\/pages\/46\/revisions\/187"}],"wp:attachment":[{"href":"https:\/\/www.saludtalavera.es\/index.php?rest_route=%2Fwp%2Fv2%2Fmedia&parent=46"}],"curies":[{"name":"wp","href":"https:\/\/api.w.org\/{rel}","templated":true}]}}